{"id":603,"date":"2025-10-05T09:09:41","date_gmt":"2025-10-05T09:09:41","guid":{"rendered":"https:\/\/demo.tshirt-planet.com\/versand-lieferung\/"},"modified":"2025-12-17T20:43:14","modified_gmt":"2025-12-17T20:43:14","slug":"versand-lieferung","status":"publish","type":"page","link":"https:\/\/tshirt-planet.com\/de\/versand-lieferung\/","title":{"rendered":"Versand &amp; Lieferung"},"content":{"rendered":"\t\t<div data-elementor-type=\"wp-page\" data-elementor-id=\"603\" class=\"elementor elementor-603 elementor-581\" data-elementor-post-type=\"page\">\n\t\t\t\t<div class=\"elementor-element elementor-element-bfacf96 e-flex e-con-boxed e-con e-parent\" data-id=\"bfacf96\" data-element_type=\"container\" data-e-type=\"container\">\n\t\t\t\t\t<div class=\"e-con-inner\">\n\t\t\t\t<div class=\"elementor-element elementor-element-dec3eb4 elementor-widget elementor-widget-heading\" data-id=\"dec3eb4\" data-element_type=\"widget\" data-e-type=\"widget\" data-widget_type=\"heading.default\">\n\t\t\t\t\t<h2 class=\"elementor-heading-title elementor-size-default\">Shipping &amp; Delivery<\/h2>\t\t\t\t<\/div>\n\t\t\t\t<div class=\"elementor-element elementor-element-dd0a9ac elementor-widget elementor-widget-text-editor\" data-id=\"dd0a9ac\" data-element_type=\"widget\" data-e-type=\"widget\" data-widget_type=\"text-editor.default\">\n\t\t\t\t\t\t\t\t\t<p>La livraison est gratuite \u00e0 partir de 99 \u20ac d\u2019achat.<\/p><p>Vos produits vous seront livr\u00e9s \u00e0 l\u2019adresse que vous nous avez indiqu\u00e9e lors de votre commande.<\/p><p>Le d\u00e9lai de livraison varie en fonction de la m\u00e9thode de livraison choisie.<\/p><p>Les commandes sont exp\u00e9di\u00e9es sur maximum 4 \u00e0 5 jours ouvrables.<\/p><p>Le paiement s\u2019effectue en ligne. Aucun paiement ne s\u2019effectue au point de relais. Un e-mail vous tiendra inform\u00e9 de l\u2019\u00e9tat de votre commande.<\/p><p>En cas de retard de livraison de plus de 10 jours, et non d\u00fb \u00e0 un cas de force majeure, vous avez la possibilit\u00e9 d\u2019annuler votre commande par e-mail. \u00c0 cet \u00e9gard, nous nous engageons \u00e0 vous rembourser les sommes vers\u00e9es dans un d\u00e9lai de 30 jours.<\/p><p>\u00c0 la r\u00e9ception de votre colis, il vous est conseill\u00e9 v\u00e9rifier la conformit\u00e9 des produits nous informer, le cas \u00e9ch\u00e9ant.<\/p><p>Si les produits n\u00e9cessitent de nous \u00eatre renvoy\u00e9s, ils doivent l\u2019\u00eatre dans les sept jours ouvrables suivant la livraison \u00e0 l\u2019adresse suivante, GO World VOF, Avenue des Glycines 40, 1030 Bruxelles, Belgique. Les frais d\u2019envoi sont \u00e0 notre charge.<\/p><div class=\"elementor-element elementor-element-c7933ce elementor-icon-list--layout-traditional elementor-list-item-link-full_width elementor-widget elementor-widget-icon-list\" data-id=\"c7933ce\" data-element_type=\"widget\" data-widget_type=\"icon-list.default\"><ul class=\"elementor-icon-list-items\"><li class=\"elementor-icon-list-item\">\u00a0<\/li><\/ul><\/div>\t\t\t\t\t\t\t\t<\/div>\n\t\t\t\t\t<\/div>\n\t\t\t\t<\/div>\n\t\t\t\t<\/div>\n\t\t","protected":false},"excerpt":{"rendered":"<p>Shipping &amp; Delivery La livraison est gratuite \u00e0 partir de 99 \u20ac d\u2019achat. Vos produits vous seront livr\u00e9s \u00e0 l\u2019adresse que vous nous avez indiqu\u00e9e lors de votre commande. Le d\u00e9lai de livraison varie en fonction de la m\u00e9thode de livraison choisie. Les commandes sont exp\u00e9di\u00e9es sur maximum 4 \u00e0 5 jours ouvrables. Le paiement [&hellip;]<\/p>\n","protected":false},"author":1,"featured_media":0,"parent":0,"menu_order":0,"comment_status":"closed","ping_status":"closed","template":"elementor_header_footer","meta":{"footnotes":""},"class_list":["post-603","page","type-page","status-publish","hentry"],"_links":{"self":[{"href":"https:\/\/tshirt-planet.com\/de\/wp-json\/wp\/v2\/pages\/603","targetHints":{"allow":["GET"]}}],"collection":[{"href":"https:\/\/tshirt-planet.com\/de\/wp-json\/wp\/v2\/pages"}],"about":[{"href":"https:\/\/tshirt-planet.com\/de\/wp-json\/wp\/v2\/types\/page"}],"author":[{"embeddable":true,"href":"https:\/\/tshirt-planet.com\/de\/wp-json\/wp\/v2\/users\/1"}],"replies":[{"embeddable":true,"href":"https:\/\/tshirt-planet.com\/de\/wp-json\/wp\/v2\/comments?post=603"}],"version-history":[{"count":5,"href":"https:\/\/tshirt-planet.com\/de\/wp-json\/wp\/v2\/pages\/603\/revisions"}],"predecessor-version":[{"id":4874,"href":"https:\/\/tshirt-planet.com\/de\/wp-json\/wp\/v2\/pages\/603\/revisions\/4874"}],"wp:attachment":[{"href":"https:\/\/tshirt-planet.com\/de\/wp-json\/wp\/v2\/media?parent=603"}],"curies":[{"name":"wp","href":"https:\/\/api.w.org\/{rel}","templated":true}]}}